{"id":62,"date":"2019-05-16T09:09:52","date_gmt":"2019-05-16T07:09:52","guid":{"rendered":"http:\/\/localhost\/multisite\/?page_id=62"},"modified":"2023-10-11T16:30:07","modified_gmt":"2023-10-11T14:30:07","slug":"internationaal-pakket-versturen","status":"publish","type":"page","link":"https:\/\/t5.parcelinternational.com\/nl\/","title":{"rendered":"Home"},"content":{"rendered":"","protected":false},"excerpt":{"rendered":"<p>&#8230;<\/p>\n<p><a class=\"pi-read-more-link\" href=\"https:\/\/t5.parcelinternational.com\/nl\/\"><i class=\"fa fa-chevron-right\"><\/i><\/a><\/p>\n","protected":false},"author":2,"featured_media":0,"parent":0,"menu_order":0,"comment_status":"closed","ping_status":"open","template":"","meta":{"inline_featured_image":false,"footnotes":""},"yoast_head":"<!-- This site is optimized with the Yoast SEO Premium plugin v21.3 (Yoast SEO v22.6) - https:\/\/yoast.com\/wordpress\/plugins\/seo\/ -->\n<title>Parcel International | Uw partner voor Internationale zendingen<\/title>\n<meta name=\"description\" content=\"Vergelijk transportdiensten en verstuur zendingen naar elke mogelijke locatie wereldwijd | Alles vanuit \u00e9\u00e9n systeem | Snel en effici\u00ebnt\" \/>\n<meta name=\"robots\" content=\"index, follow, max-snippet:-1, max-image-preview:large, max-video-preview:-1\" \/>\n<link rel=\"canonical\" href=\"https:\/\/t5.parcelinternational.com\/nl\/\" \/>\n<meta property=\"og:locale\" content=\"nl_NL\" \/>\n<meta property=\"og:type\" content=\"article\" \/>\n<meta property=\"og:title\" content=\"Boek uw zending online, vergelijk ALLE vervoerders en prijs | Parcel International\" \/>\n<meta property=\"og:description\" content=\"Kies zelf de best passende vervoerder, selecteer de prijs en verzend eenvoudig jouw producten naar klanten! Alle zendingen in \u00e9\u00e9n systeem en 24\/7 Support !\" \/>\n<meta property=\"og:url\" content=\"https:\/\/t5.parcelinternational.com\/nl\/\" \/>\n<meta property=\"og:site_name\" content=\"Parcel International Nederland\" \/>\n<meta property=\"article:publisher\" content=\"https:\/\/www.facebook.com\/parcelinternational.nl\" \/>\n<meta property=\"article:modified_time\" content=\"2023-10-11T14:30:07+00:00\" \/>\n<meta property=\"og:image\" content=\"https:\/\/t5.parcelinternational.com\/nl\/wp-content\/uploads\/sites\/6\/2019\/05\/socialmedia_parcelinternational.jpg\" \/>\n\t<meta property=\"og:image:width\" content=\"1000\" \/>\n\t<meta property=\"og:image:height\" content=\"512\" \/>\n\t<meta property=\"og:image:type\" content=\"image\/jpeg\" \/>\n<meta name=\"twitter:card\" content=\"summary_large_image\" \/>\n<meta name=\"twitter:title\" content=\"Boek uw zending online, vergelijk vervoerders en prijs | Parcel International\" \/>\n<meta name=\"twitter:description\" content=\"Kies zelf de best passende vervoerder, selecteer de prijs en verzend eenvoudig jouw producten naar klanten! Alle zendingen in \u00e9\u00e9n systeem en 24\/7 Support !\" \/>\n<meta name=\"twitter:site\" content=\"@parcelint_nl\" \/>\n<script type=\"application\/ld+json\" class=\"yoast-schema-graph\">{\"@context\":\"https:\/\/schema.org\",\"@graph\":[{\"@type\":\"WebPage\",\"@id\":\"https:\/\/t5.parcelinternational.com\/nl\/\",\"url\":\"https:\/\/t5.parcelinternational.com\/nl\/\",\"name\":\"Parcel International | Uw partner voor Internationale zendingen\",\"isPartOf\":{\"@id\":\"https:\/\/t5.parcelinternational.com\/nl\/#website\"},\"datePublished\":\"2019-05-16T07:09:52+00:00\",\"dateModified\":\"2023-10-11T14:30:07+00:00\",\"description\":\"Vergelijk transportdiensten en verstuur zendingen naar elke mogelijke locatie wereldwijd | Alles vanuit \u00e9\u00e9n systeem | Snel en effici\u00ebnt\",\"breadcrumb\":{\"@id\":\"https:\/\/t5.parcelinternational.com\/nl\/#breadcrumb\"},\"inLanguage\":\"nl-NL\",\"potentialAction\":[{\"@type\":\"ReadAction\",\"target\":[\"https:\/\/t5.parcelinternational.com\/nl\/\"]}]},{\"@type\":\"BreadcrumbList\",\"@id\":\"https:\/\/t5.parcelinternational.com\/nl\/#breadcrumb\",\"itemListElement\":[{\"@type\":\"ListItem\",\"position\":1,\"name\":\"Home\",\"item\":\"https:\/\/t5.parcelinternational.com\/nl\/\"},{\"@type\":\"ListItem\",\"position\":2,\"name\":\"Home\"}]},{\"@type\":\"WebSite\",\"@id\":\"https:\/\/t5.parcelinternational.com\/nl\/#website\",\"url\":\"https:\/\/t5.parcelinternational.com\/nl\/\",\"name\":\"Parcel International Nederland\",\"description\":\"Wereldwijd Pakket en Document vervoerders vergelijking op prijs en service\",\"publisher\":{\"@id\":\"https:\/\/t5.parcelinternational.com\/nl\/#organization\"},\"potentialAction\":[{\"@type\":\"SearchAction\",\"target\":{\"@type\":\"EntryPoint\",\"urlTemplate\":\"https:\/\/t5.parcelinternational.com\/nl\/?s={search_term_string}\"},\"query-input\":\"required name=search_term_string\"}],\"inLanguage\":\"nl-NL\"},{\"@type\":\"Organization\",\"@id\":\"https:\/\/t5.parcelinternational.com\/nl\/#organization\",\"name\":\"Parcel International Nederland\",\"url\":\"https:\/\/t5.parcelinternational.com\/nl\/\",\"logo\":{\"@type\":\"ImageObject\",\"inLanguage\":\"nl-NL\",\"@id\":\"https:\/\/t5.parcelinternational.com\/nl\/#\/schema\/logo\/image\/\",\"url\":\"https:\/\/t5.parcelinternational.com\/nl\/wp-content\/uploads\/sites\/6\/2020\/07\/logo_slogan_parcelinternational.png\",\"contentUrl\":\"https:\/\/t5.parcelinternational.com\/nl\/wp-content\/uploads\/sites\/6\/2020\/07\/logo_slogan_parcelinternational.png\",\"width\":1002,\"height\":1000,\"caption\":\"Parcel International Nederland\"},\"image\":{\"@id\":\"https:\/\/t5.parcelinternational.com\/nl\/#\/schema\/logo\/image\/\"},\"sameAs\":[\"https:\/\/www.facebook.com\/parcelinternational.nl\",\"https:\/\/x.com\/parcelint_nl\",\"https:\/\/www.instagram.com\/parcelinternational_nl\"]}]}<\/script>\n<!-- \/ Yoast SEO Premium plugin. -->","yoast_head_json":{"title":"Parcel International | Uw partner voor Internationale zendingen","description":"Vergelijk transportdiensten en verstuur zendingen naar elke mogelijke locatie wereldwijd | Alles vanuit \u00e9\u00e9n systeem | Snel en effici\u00ebnt","robots":{"index":"index","follow":"follow","max-snippet":"max-snippet:-1","max-image-preview":"max-image-preview:large","max-video-preview":"max-video-preview:-1"},"canonical":"https:\/\/t5.parcelinternational.com\/nl\/","og_locale":"nl_NL","og_type":"article","og_title":"Boek uw zending online, vergelijk ALLE vervoerders en prijs | Parcel International","og_description":"Kies zelf de best passende vervoerder, selecteer de prijs en verzend eenvoudig jouw producten naar klanten! Alle zendingen in \u00e9\u00e9n systeem en 24\/7 Support !","og_url":"https:\/\/t5.parcelinternational.com\/nl\/","og_site_name":"Parcel International Nederland","article_publisher":"https:\/\/www.facebook.com\/parcelinternational.nl","article_modified_time":"2023-10-11T14:30:07+00:00","og_image":[{"width":1000,"height":512,"url":"https:\/\/t5.parcelinternational.com\/nl\/wp-content\/uploads\/sites\/6\/2019\/05\/socialmedia_parcelinternational.jpg","type":"image\/jpeg"}],"twitter_card":"summary_large_image","twitter_title":"Boek uw zending online, vergelijk vervoerders en prijs | Parcel International","twitter_description":"Kies zelf de best passende vervoerder, selecteer de prijs en verzend eenvoudig jouw producten naar klanten! Alle zendingen in \u00e9\u00e9n systeem en 24\/7 Support !","twitter_site":"@parcelint_nl","schema":{"@context":"https:\/\/schema.org","@graph":[{"@type":"WebPage","@id":"https:\/\/t5.parcelinternational.com\/nl\/","url":"https:\/\/t5.parcelinternational.com\/nl\/","name":"Parcel International | Uw partner voor Internationale zendingen","isPartOf":{"@id":"https:\/\/t5.parcelinternational.com\/nl\/#website"},"datePublished":"2019-05-16T07:09:52+00:00","dateModified":"2023-10-11T14:30:07+00:00","description":"Vergelijk transportdiensten en verstuur zendingen naar elke mogelijke locatie wereldwijd | Alles vanuit \u00e9\u00e9n systeem | Snel en effici\u00ebnt","breadcrumb":{"@id":"https:\/\/t5.parcelinternational.com\/nl\/#breadcrumb"},"inLanguage":"nl-NL","potentialAction":[{"@type":"ReadAction","target":["https:\/\/t5.parcelinternational.com\/nl\/"]}]},{"@type":"BreadcrumbList","@id":"https:\/\/t5.parcelinternational.com\/nl\/#breadcrumb","itemListElement":[{"@type":"ListItem","position":1,"name":"Home","item":"https:\/\/t5.parcelinternational.com\/nl\/"},{"@type":"ListItem","position":2,"name":"Home"}]},{"@type":"WebSite","@id":"https:\/\/t5.parcelinternational.com\/nl\/#website","url":"https:\/\/t5.parcelinternational.com\/nl\/","name":"Parcel International Nederland","description":"Wereldwijd Pakket en Document vervoerders vergelijking op prijs en service","publisher":{"@id":"https:\/\/t5.parcelinternational.com\/nl\/#organization"},"potentialAction":[{"@type":"SearchAction","target":{"@type":"EntryPoint","urlTemplate":"https:\/\/t5.parcelinternational.com\/nl\/?s={search_term_string}"},"query-input":"required name=search_term_string"}],"inLanguage":"nl-NL"},{"@type":"Organization","@id":"https:\/\/t5.parcelinternational.com\/nl\/#organization","name":"Parcel International Nederland","url":"https:\/\/t5.parcelinternational.com\/nl\/","logo":{"@type":"ImageObject","inLanguage":"nl-NL","@id":"https:\/\/t5.parcelinternational.com\/nl\/#\/schema\/logo\/image\/","url":"https:\/\/t5.parcelinternational.com\/nl\/wp-content\/uploads\/sites\/6\/2020\/07\/logo_slogan_parcelinternational.png","contentUrl":"https:\/\/t5.parcelinternational.com\/nl\/wp-content\/uploads\/sites\/6\/2020\/07\/logo_slogan_parcelinternational.png","width":1002,"height":1000,"caption":"Parcel International Nederland"},"image":{"@id":"https:\/\/t5.parcelinternational.com\/nl\/#\/schema\/logo\/image\/"},"sameAs":["https:\/\/www.facebook.com\/parcelinternational.nl","https:\/\/x.com\/parcelint_nl","https:\/\/www.instagram.com\/parcelinternational_nl"]}]}},"_links":{"self":[{"href":"https:\/\/t5.parcelinternational.com\/nl\/wp-json\/wp\/v2\/pages\/62"}],"collection":[{"href":"https:\/\/t5.parcelinternational.com\/nl\/wp-json\/wp\/v2\/pages"}],"about":[{"href":"https:\/\/t5.parcelinternational.com\/nl\/wp-json\/wp\/v2\/types\/page"}],"author":[{"embeddable":true,"href":"https:\/\/t5.parcelinternational.com\/nl\/wp-json\/wp\/v2\/users\/2"}],"replies":[{"embeddable":true,"href":"https:\/\/t5.parcelinternational.com\/nl\/wp-json\/wp\/v2\/comments?post=62"}],"version-history":[{"count":84,"href":"https:\/\/t5.parcelinternational.com\/nl\/wp-json\/wp\/v2\/pages\/62\/revisions"}],"predecessor-version":[{"id":13361,"href":"https:\/\/t5.parcelinternational.com\/nl\/wp-json\/wp\/v2\/pages\/62\/revisions\/13361"}],"wp:attachment":[{"href":"https:\/\/t5.parcelinternational.com\/nl\/wp-json\/wp\/v2\/media?parent=62"}],"curies":[{"name":"wp","href":"https:\/\/api.w.org\/{rel}","templated":true}]}}